{"id":16767,"date":"2026-01-11T16:42:25","date_gmt":"2026-01-11T14:42:25","guid":{"rendered":"https:\/\/www.lahenlehti.net\/?page_id=16767"},"modified":"2026-01-12T14:32:10","modified_gmt":"2026-01-12T12:32:10","slug":"yksityiskohtia-kuvapareja-osa-1-tulossa","status":"publish","type":"page","link":"https:\/\/www.lahenlehti.net\/?page_id=16767","title":{"rendered":"Yksityiskohtia &#8211; kuvapareja osa 1 (tulossa)"},"content":{"rendered":"\n<p class=\"has-text-align-center\"><strong>Yksityiskohtia kuvaparein\u00a0<\/strong>(PP-KI-18)<br>Sis\u00e4lt\u00e4\u00e4 Sauli Hirvosen valokuvia.<br>Julkaisu kev\u00e4t 2026<br>Sivum\u00e4\u00e4r\u00e4 <br>Pehme\u00e4kantinen<br>Koko 210 x 210<br>Valokuvat ja taitto: Sauli Hirvonen<br><br>ISBN\u00a0978-952-69666-9-4\u00a0<br><br>TILAA KIRJA <br><br>\u2014\u2014\u2014\u2014\u2014\u2014\u2014\u2014\u2014\u2014\u2014\u2014\u2014\u2014\u2014\u2014\u2014\u2014\u2014\u2014 <br><br><strong>Esittely<\/strong> <br><br> Yksityiskohtia<strong> <\/strong>on valokuvakirja, jossa aukeaman kaksi kuvaa muodostavat kokonaisuuden.  Kuvapareja on 30 kappaletta. Kuvat ajoittuvat vuosille 2005-2016 ja kuvat on otettu Suomessa ja ulkomailla. Kirjalle on suunnitteilla jo t\u00e4ss\u00e4 vaiheessa jatko-osa. <\/p>\n","protected":false},"excerpt":{"rendered":"<p>Yksityiskohtia kuvaparein\u00a0(PP-KI-18)Sis\u00e4lt\u00e4\u00e4 Sauli Hirvosen valokuvia.Julkaisu kev\u00e4t 2026Sivum\u00e4\u00e4r\u00e4 Pehme\u00e4kantinenKoko 210 x 210Valokuvat ja taitto: Sauli Hirvonen ISBN\u00a0978-952-69666-9-4\u00a0 TILAA KIRJA \u2014\u2014\u2014\u2014\u2014\u2014\u2014\u2014\u2014\u2014\u2014\u2014\u2014\u2014\u2014\u2014\u2014\u2014\u2014\u2014 Esittely Yksityiskohtia on valokuvakirja, jossa aukeaman kaksi kuvaa muodostavat kokonaisuuden. Kuvapareja on 30 kappaletta. Kuvat ajoittuvat vuosille 2005-2016 ja kuvat on &hellip; <a href=\"https:\/\/www.lahenlehti.net\/?page_id=16767\">Lue loppuun <span class=\"meta-nav\">&rarr;<\/span><\/a><\/p>\n","protected":false},"author":311,"featured_media":0,"parent":0,"menu_order":0,"comment_status":"closed","ping_status":"closed","template":"","meta":{"footnotes":""},"class_list":["post-16767","page","type-page","status-publish","hentry"],"_links":{"self":[{"href":"https:\/\/www.lahenlehti.net\/index.php?rest_route=\/wp\/v2\/pages\/16767","targetHints":{"allow":["GET"]}}],"collection":[{"href":"https:\/\/www.lahenlehti.net\/index.php?rest_route=\/wp\/v2\/pages"}],"about":[{"href":"https:\/\/www.lahenlehti.net\/index.php?rest_route=\/wp\/v2\/types\/page"}],"author":[{"embeddable":true,"href":"https:\/\/www.lahenlehti.net\/index.php?rest_route=\/wp\/v2\/users\/311"}],"replies":[{"embeddable":true,"href":"https:\/\/www.lahenlehti.net\/index.php?rest_route=%2Fwp%2Fv2%2Fcomments&post=16767"}],"version-history":[{"count":4,"href":"https:\/\/www.lahenlehti.net\/index.php?rest_route=\/wp\/v2\/pages\/16767\/revisions"}],"predecessor-version":[{"id":16869,"href":"https:\/\/www.lahenlehti.net\/index.php?rest_route=\/wp\/v2\/pages\/16767\/revisions\/16869"}],"wp:attachment":[{"href":"https:\/\/www.lahenlehti.net\/index.php?rest_route=%2Fwp%2Fv2%2Fmedia&parent=16767"}],"curies":[{"name":"wp","href":"https:\/\/api.w.org\/{rel}","templated":true}]}}