{"id":16765,"date":"2026-01-11T16:42:41","date_gmt":"2026-01-11T14:42:41","guid":{"rendered":"https:\/\/www.lahenlehti.net\/?page_id=16765"},"modified":"2026-01-12T14:30:14","modified_gmt":"2026-01-12T12:30:14","slug":"pienoisrautatieharrastus-tulossa","status":"publish","type":"page","link":"https:\/\/www.lahenlehti.net\/?page_id=16765","title":{"rendered":"Pienoisrautatieharrastus (tulossa)"},"content":{"rendered":"\n<p class=\"has-text-align-center\"> <strong>Pienoisrautatieharrastus\u00a0<\/strong>(PP-KI-19)<br>Esittelee Sauli Hirvosen pienoisrautatieharrastusta.<br>Julkaisu kes\u00e4 2026<br>Sivum\u00e4\u00e4r\u00e4 <br>Pehme\u00e4kantinen<br>Koko A5<br>Vvalokuvat, tekstit ja taitto: Sauli Hirvonen<br><br>ISBN\u00a0978-952-69666-8-7\u00a0<br><br>TILAA KIRJA <br><br>\u2014\u2014\u2014\u2014\u2014\u2014\u2014\u2014\u2014\u2014\u2014\u2014\u2014\u2014\u2014\u2014\u2014\u2014\u2014\u2014 <br><br><strong>Esittely<\/strong> <br><br> Pienoisrautatieharrastus kertoo nimens\u00e4 mukaisesti Hirvosen harrastuksesta pienoisrautateiden ymp\u00e4rill\u00e4. 1980-90-lukujen taitteessa alkanut pienoisrautatieharrastus on kantanut &#8211; enemm\u00e4n ja v\u00e4hemm\u00e4n &#8211; n\u00e4ihin p\u00e4iviin saakka. Kirjassa kerrotaan yleisesti pienoisrautatieharrastuksesta yhden harrastajan n\u00e4k\u00f6kulmasta. Kirjan p\u00e4\u00e4paino on kuitenkin Hirvosen dioraamojen valokuvissa. <\/p>\n","protected":false},"excerpt":{"rendered":"<p>Pienoisrautatieharrastus\u00a0(PP-KI-19)Esittelee Sauli Hirvosen pienoisrautatieharrastusta.Julkaisu kes\u00e4 2026Sivum\u00e4\u00e4r\u00e4 Pehme\u00e4kantinenKoko A5Vvalokuvat, tekstit ja taitto: Sauli Hirvonen ISBN\u00a0978-952-69666-8-7\u00a0 TILAA KIRJA \u2014\u2014\u2014\u2014\u2014\u2014\u2014\u2014\u2014\u2014\u2014\u2014\u2014\u2014\u2014\u2014\u2014\u2014\u2014\u2014 Esittely Pienoisrautatieharrastus kertoo nimens\u00e4 mukaisesti Hirvosen harrastuksesta pienoisrautateiden ymp\u00e4rill\u00e4. 1980-90-lukujen taitteessa alkanut pienoisrautatieharrastus on kantanut &#8211; enemm\u00e4n ja v\u00e4hemm\u00e4n &#8211; n\u00e4ihin p\u00e4iviin saakka. &hellip; <a href=\"https:\/\/www.lahenlehti.net\/?page_id=16765\">Lue loppuun <span class=\"meta-nav\">&rarr;<\/span><\/a><\/p>\n","protected":false},"author":311,"featured_media":0,"parent":0,"menu_order":0,"comment_status":"closed","ping_status":"closed","template":"","meta":{"footnotes":""},"class_list":["post-16765","page","type-page","status-publish","hentry"],"_links":{"self":[{"href":"https:\/\/www.lahenlehti.net\/index.php?rest_route=\/wp\/v2\/pages\/16765","targetHints":{"allow":["GET"]}}],"collection":[{"href":"https:\/\/www.lahenlehti.net\/index.php?rest_route=\/wp\/v2\/pages"}],"about":[{"href":"https:\/\/www.lahenlehti.net\/index.php?rest_route=\/wp\/v2\/types\/page"}],"author":[{"embeddable":true,"href":"https:\/\/www.lahenlehti.net\/index.php?rest_route=\/wp\/v2\/users\/311"}],"replies":[{"embeddable":true,"href":"https:\/\/www.lahenlehti.net\/index.php?rest_route=%2Fwp%2Fv2%2Fcomments&post=16765"}],"version-history":[{"count":6,"href":"https:\/\/www.lahenlehti.net\/index.php?rest_route=\/wp\/v2\/pages\/16765\/revisions"}],"predecessor-version":[{"id":16867,"href":"https:\/\/www.lahenlehti.net\/index.php?rest_route=\/wp\/v2\/pages\/16765\/revisions\/16867"}],"wp:attachment":[{"href":"https:\/\/www.lahenlehti.net\/index.php?rest_route=%2Fwp%2Fv2%2Fmedia&parent=16765"}],"curies":[{"name":"wp","href":"https:\/\/api.w.org\/{rel}","templated":true}]}}