{"id":16302,"date":"2025-10-21T18:31:14","date_gmt":"2025-10-21T16:31:14","guid":{"rendered":"http:\/\/www.lahenlehti.net\/?page_id=16302"},"modified":"2025-12-17T15:59:10","modified_gmt":"2025-12-17T13:59:10","slug":"kotiseutu-olut","status":"publish","type":"page","link":"https:\/\/www.lahenlehti.net\/?page_id=16302","title":{"rendered":"Kotiseutu-olut"},"content":{"rendered":"\n<p>Kotiseutu on aito p\u00e4ij\u00e4t-h\u00e4m\u00e4l\u00e4inen paikallisolut. Olut lanseerattiin 11.10.2025 Ant Brew&#8217;ssa j\u00e4rjestetyss\u00e4 Historiap\u00e4iv\u00e4-klubilla. Tilaisuuden toinen j\u00e4rjest\u00e4j\u00e4 oli Lahti-Seura ry. <br><br>Parasta paikan p\u00e4\u00e4ll\u00e4 eli saatavilla toistaiseksi <a href=\"https:\/\/antbrew.fi\/\" data-type=\"URL\" data-id=\"https:\/\/antbrew.fi\/\">Ant Brew<\/a>&#8217;n pubissa (Mallaskatu 1, Lahti).<br><br>Oluen ovat toteuttaneet Ant Brew ja Sauli Hirvonen.<\/p>\n\n\n\n<figure class=\"wp-block-image size-large\"><img loading=\"lazy\" decoding=\"async\" width=\"1024\" height=\"1024\" src=\"http:\/\/www.lahenlehti.net\/wp-content\/IMG_20251015_190857-1024x1024.jpg\" alt=\"\" class=\"wp-image-16571\" srcset=\"https:\/\/www.lahenlehti.net\/wp-content\/IMG_20251015_190857-1024x1024.jpg 1024w, https:\/\/www.lahenlehti.net\/wp-content\/IMG_20251015_190857-600x600.jpg 600w, https:\/\/www.lahenlehti.net\/wp-content\/IMG_20251015_190857-150x150.jpg 150w, https:\/\/www.lahenlehti.net\/wp-content\/IMG_20251015_190857-768x768.jpg 768w, https:\/\/www.lahenlehti.net\/wp-content\/IMG_20251015_190857-1536x1536.jpg 1536w, https:\/\/www.lahenlehti.net\/wp-content\/IMG_20251015_190857-300x300.jpg 300w, https:\/\/www.lahenlehti.net\/wp-content\/IMG_20251015_190857-100x100.jpg 100w, https:\/\/www.lahenlehti.net\/wp-content\/IMG_20251015_190857.jpg 1800w\" sizes=\"auto, (max-width: 1024px) 100vw, 1024px\" \/><\/figure>\n\n\n\n<p>Etiketiss\u00e4 tokin n\u00e4kyy Hirvosen pienimuotoinen kartta- ja liikennemerkkiharrastustus. Etiketin kartta her\u00e4tti mielenkiintoa, ja monia askarrutti sen sijainti. Lahdestahan se on, mutta koska oluetta ei liikaa haluttu leimata Lahti-olueksi, Hirvonen poisti siit\u00e4 karttatiedot. Toki moni \u201casiantuntija\u201d tunnisti paikan.<br><\/p>\n","protected":false},"excerpt":{"rendered":"<p>Kotiseutu on aito p\u00e4ij\u00e4t-h\u00e4m\u00e4l\u00e4inen paikallisolut. Olut lanseerattiin 11.10.2025 Ant Brew&#8217;ssa j\u00e4rjestetyss\u00e4 Historiap\u00e4iv\u00e4-klubilla. Tilaisuuden toinen j\u00e4rjest\u00e4j\u00e4 oli Lahti-Seura ry. Parasta paikan p\u00e4\u00e4ll\u00e4 eli saatavilla toistaiseksi Ant Brew&#8217;n pubissa (Mallaskatu 1, Lahti). Oluen ovat toteuttaneet Ant Brew ja Sauli Hirvonen. Etiketiss\u00e4 tokin &hellip; <a href=\"https:\/\/www.lahenlehti.net\/?page_id=16302\">Lue loppuun <span class=\"meta-nav\">&rarr;<\/span><\/a><\/p>\n","protected":false},"author":1,"featured_media":0,"parent":0,"menu_order":0,"comment_status":"closed","ping_status":"closed","template":"","meta":{"footnotes":""},"class_list":["post-16302","page","type-page","status-publish","hentry"],"_links":{"self":[{"href":"https:\/\/www.lahenlehti.net\/index.php?rest_route=\/wp\/v2\/pages\/16302","targetHints":{"allow":["GET"]}}],"collection":[{"href":"https:\/\/www.lahenlehti.net\/index.php?rest_route=\/wp\/v2\/pages"}],"about":[{"href":"https:\/\/www.lahenlehti.net\/index.php?rest_route=\/wp\/v2\/types\/page"}],"author":[{"embeddable":true,"href":"https:\/\/www.lahenlehti.net\/index.php?rest_route=\/wp\/v2\/users\/1"}],"replies":[{"embeddable":true,"href":"https:\/\/www.lahenlehti.net\/index.php?rest_route=%2Fwp%2Fv2%2Fcomments&post=16302"}],"version-history":[{"count":3,"href":"https:\/\/www.lahenlehti.net\/index.php?rest_route=\/wp\/v2\/pages\/16302\/revisions"}],"predecessor-version":[{"id":16652,"href":"https:\/\/www.lahenlehti.net\/index.php?rest_route=\/wp\/v2\/pages\/16302\/revisions\/16652"}],"wp:attachment":[{"href":"https:\/\/www.lahenlehti.net\/index.php?rest_route=%2Fwp%2Fv2%2Fmedia&parent=16302"}],"curies":[{"name":"wp","href":"https:\/\/api.w.org\/{rel}","templated":true}]}}