{"id":15204,"date":"2024-08-19T13:44:49","date_gmt":"2024-08-19T11:44:49","guid":{"rendered":"http:\/\/www.lahenlehti.net\/?page_id=15204"},"modified":"2025-06-23T18:50:46","modified_gmt":"2025-06-23T16:50:46","slug":"kokoelma-6-tulossa","status":"publish","type":"page","link":"https:\/\/www.lahenlehti.net\/?page_id=15204","title":{"rendered":"Kokoelma 6 (2025)"},"content":{"rendered":"\n<div class=\"wp-block-image\"><figure class=\"aligncenter size-large is-resized\"><img loading=\"lazy\" decoding=\"async\" src=\"http:\/\/www.lahenlehti.net\/wp-content\/Kokoelma6_kansi-729x1024.jpg\" alt=\"\" class=\"wp-image-16272\" width=\"365\" height=\"512\" srcset=\"https:\/\/www.lahenlehti.net\/wp-content\/Kokoelma6_kansi-729x1024.jpg 729w, https:\/\/www.lahenlehti.net\/wp-content\/Kokoelma6_kansi-600x843.jpg 600w, https:\/\/www.lahenlehti.net\/wp-content\/Kokoelma6_kansi-768x1079.jpg 768w, https:\/\/www.lahenlehti.net\/wp-content\/Kokoelma6_kansi-1093x1536.jpg 1093w, https:\/\/www.lahenlehti.net\/wp-content\/Kokoelma6_kansi-213x300.jpg 213w, https:\/\/www.lahenlehti.net\/wp-content\/Kokoelma6_kansi-300x422.jpg 300w, https:\/\/www.lahenlehti.net\/wp-content\/Kokoelma6_kansi.jpg 1423w\" sizes=\"auto, (max-width: 365px) 100vw, 365px\" \/><\/figure><\/div>\n\n\n\n<p class=\"has-text-align-center\"><strong>Kokoelma <\/strong>6 (PP-KI-16)<br>Sis\u00e4lt\u00e4\u00e4 Sauli Hirvosen tarinoita ja puujalkavitsej\u00e4.<br>Julkaisu kes\u00e4 2025<br>Sivum\u00e4\u00e4r\u00e4 92<br>Pehme\u00e4kantinen<br>Koko A5<br>Tekstit, taitto ja kannen kuva: Sauli Hirvonen<br><br>ISBN\u00a0978-952-69666-6-3<\/p>\n\n\n\n<p class=\"has-text-align-center\"><a href=\"http:\/\/www.lahenlehti.net\/?product=kokoelma-6\">TILAA KIRJA<\/a><br>&#8212;&#8212;&#8212;&#8212;&#8212;&#8212;&#8212;&#8212;&#8212;&#8212;&#8212;&#8212;&#8212;&#8212;&#8212;&#8212;&#8212;&#8212;&#8212;&#8212;<br><strong>Esittely<\/strong><\/p>\n\n\n\n<p>Kokoelma 6 jatkaa Sauli Hirvosen kokoelmien sarjaa. Kuudennen kokoelmakirjan runkona toimii lyhyet tarinat, jotka ovat alunperin lyhytelokuvien k\u00e4sikirjoituksia. N\u00e4ist\u00e4 on muutama kuvattukin. Tuttuun tyyliin tarinoita voidaan luonnehtia draamakomedioiksi, joissa on ripaus yhteiskuntakritiikki\u00e4.<\/p>\n\n\n\n<p>Kirjan toinen osa koostuu puujalkavitseist\u00e4. Hirvonen julkaissut kaksi puujalkavitsikirjaa vuosina 2018 ja 2023. Ennen mahdollista kolmatta kirjaa, puujalat rikastuttavat t\u00e4t\u00e4 kuudetta kokoelmaa.<\/p>\n\n\n\n<p>Kuten aiemmatkin kokoelmat, osa kuusi tarjoaa lyhyen, mutta ytimekk\u00e4\u00e4n lukukokemuksen, jonka pariin voi palata helposti my\u00f6hemminkin.<\/p>\n","protected":false},"excerpt":{"rendered":"<p>Kokoelma 6 (PP-KI-16)Sis\u00e4lt\u00e4\u00e4 Sauli Hirvosen tarinoita ja puujalkavitsej\u00e4.Julkaisu kes\u00e4 2025Sivum\u00e4\u00e4r\u00e4 92Pehme\u00e4kantinenKoko A5Tekstit, taitto ja kannen kuva: Sauli Hirvonen ISBN\u00a0978-952-69666-6-3 TILAA KIRJA&#8212;&#8212;&#8212;&#8212;&#8212;&#8212;&#8212;&#8212;&#8212;&#8212;&#8212;&#8212;&#8212;&#8212;&#8212;&#8212;&#8212;&#8212;&#8212;&#8212;Esittely Kokoelma 6 jatkaa Sauli Hirvosen kokoelmien sarjaa. Kuudennen kokoelmakirjan runkona toimii lyhyet tarinat, jotka ovat alunperin lyhytelokuvien k\u00e4sikirjoituksia. N\u00e4ist\u00e4 &hellip; <a href=\"https:\/\/www.lahenlehti.net\/?page_id=15204\">Lue loppuun <span class=\"meta-nav\">&rarr;<\/span><\/a><\/p>\n","protected":false},"author":1,"featured_media":0,"parent":0,"menu_order":0,"comment_status":"closed","ping_status":"closed","template":"","meta":{"footnotes":""},"class_list":["post-15204","page","type-page","status-publish","hentry"],"_links":{"self":[{"href":"https:\/\/www.lahenlehti.net\/index.php?rest_route=\/wp\/v2\/pages\/15204","targetHints":{"allow":["GET"]}}],"collection":[{"href":"https:\/\/www.lahenlehti.net\/index.php?rest_route=\/wp\/v2\/pages"}],"about":[{"href":"https:\/\/www.lahenlehti.net\/index.php?rest_route=\/wp\/v2\/types\/page"}],"author":[{"embeddable":true,"href":"https:\/\/www.lahenlehti.net\/index.php?rest_route=\/wp\/v2\/users\/1"}],"replies":[{"embeddable":true,"href":"https:\/\/www.lahenlehti.net\/index.php?rest_route=%2Fwp%2Fv2%2Fcomments&post=15204"}],"version-history":[{"count":13,"href":"https:\/\/www.lahenlehti.net\/index.php?rest_route=\/wp\/v2\/pages\/15204\/revisions"}],"predecessor-version":[{"id":16332,"href":"https:\/\/www.lahenlehti.net\/index.php?rest_route=\/wp\/v2\/pages\/15204\/revisions\/16332"}],"wp:attachment":[{"href":"https:\/\/www.lahenlehti.net\/index.php?rest_route=%2Fwp%2Fv2%2Fmedia&parent=15204"}],"curies":[{"name":"wp","href":"https:\/\/api.w.org\/{rel}","templated":true}]}}