{"id":14884,"date":"2024-04-24T14:02:04","date_gmt":"2024-04-24T12:02:04","guid":{"rendered":"https:\/\/www.lahenlehti.net\/?page_id=14884"},"modified":"2024-09-03T15:51:31","modified_gmt":"2024-09-03T13:51:31","slug":"ajatus-lahdesta-tulossa","status":"publish","type":"page","link":"https:\/\/www.lahenlehti.net\/?page_id=14884","title":{"rendered":"Ajatus Lahdelle. (2024)"},"content":{"rendered":"\n<div class=\"wp-block-image\"><figure class=\"aligncenter size-large is-resized\"><img loading=\"lazy\" decoding=\"async\" src=\"http:\/\/www.lahenlehti.net\/wp-content\/ajatuslahdelle_etukansi-719x1024.jpg\" alt=\"\" class=\"wp-image-15151\" width=\"360\" height=\"512\" srcset=\"https:\/\/www.lahenlehti.net\/wp-content\/ajatuslahdelle_etukansi-719x1024.jpg 719w, https:\/\/www.lahenlehti.net\/wp-content\/ajatuslahdelle_etukansi-600x854.jpg 600w, https:\/\/www.lahenlehti.net\/wp-content\/ajatuslahdelle_etukansi-768x1094.jpg 768w, https:\/\/www.lahenlehti.net\/wp-content\/ajatuslahdelle_etukansi-1079x1536.jpg 1079w, https:\/\/www.lahenlehti.net\/wp-content\/ajatuslahdelle_etukansi-1438x2048.jpg 1438w, https:\/\/www.lahenlehti.net\/wp-content\/ajatuslahdelle_etukansi-211x300.jpg 211w, https:\/\/www.lahenlehti.net\/wp-content\/ajatuslahdelle_etukansi-300x427.jpg 300w, https:\/\/www.lahenlehti.net\/wp-content\/ajatuslahdelle_etukansi.jpg 1717w\" sizes=\"auto, (max-width: 360px) 100vw, 360px\" \/><\/figure><\/div>\n\n\n\n<p class=\"has-text-align-center\"><strong>Ajatus Lahdelle. Identiteetti\u00e4 ja ideoita.<\/strong>&nbsp;(PP-KI-15)<br>Julkaisu elokuu 2024<br>Sivum\u00e4\u00e4r\u00e4 120<br>Pehme\u00e4kantinen<br>Koko 148 x 210 mm (A5)<br>Kuvat, tekstit, grafiikka, kansi ja ulkoasu\/taitto: Sauli Hirvonen<br><br>ISBN ISBN 978-952-69666-5-6<\/p>\n\n\n\n<p class=\"has-text-align-center\"><a href=\"http:\/\/www.lahenlehti.net\/?product=ajatus-lahdelle\">TILAA KIRJA<\/a><strong><a href=\"http:\/\/www.lahenlehti.net\/?product=tunnelmia-lahdesta\"><br><\/a><br><\/strong>&#8212;&#8212;&#8212;&#8212;&#8212;&#8212;&#8212;&#8212;&#8212;&#8212;&#8212;&#8212;&#8212;&#8212;&#8212;&#8212;&#8212;&#8212;&#8212;&#8212;<br><strong>Esittely<\/strong><\/p>\n\n\n\n<p>Ajatus Lahdelle. Identiteetti\u00e4 ja ideoita. -kirja on kokoelma aiemmin julkaistuista Sauli Hirvosen Lahti-aiheisista teksteist\u00e4 sek\u00e4 erilaisista kaupunkirakenteeseen ja nimist\u00f6\u00f6n liittyvist\u00e4 ehdotuksista. Kirja on jaettu kolmeen osaan, joista kaksi ensimm\u00e4ist\u00e4 osiota toimii varsinaisesti kirjan runkona.&nbsp;<\/p>\n\n\n\n<p>Ensimm\u00e4inen osa Identiteetti\u00e4 sis\u00e4lt\u00e4\u00e4 mielipiteit\u00e4 ja pohdiskelua kuin my\u00f6s puhdasta fiktiota, toisinaan faktaakin. Monia tekstej\u00e4 on h\u00f6ystetty huumorilla, joka toimii pateettisen pohdiskelun vastapainona. Ideoita-osio sis\u00e4lt\u00e4\u00e4 kuusi erilaista ehdotusta ja visiota. Ne liittyv\u00e4t Lahden kaupunkiin nimist\u00f6n sek\u00e4 rakenteiden ja rakennelmien kautta. Kirjan kolmas osio sis\u00e4lt\u00e4\u00e4 grafiikkaa kahdella tavalla esitettyn\u00e4. Osa grafiikasta ja kuvista on sijoitettu tekstin sekaan, informatiivisempi materiaali \u2013 kuten julisteet \u2013 on oman otsikon alla kirjan lopussa. <br><br>Ajatus Lahdelle on omael\u00e4m\u00e4nkerrallinen kirjoituskokoelma, jossa kirjoittajan kokemus nivoutuu laajempaan Lahti-kokonaisuuteen. Lahti esitt\u00e4ytyy ja n\u00e4ytt\u00e4ytyy inspiraation l\u00e4hteen\u00e4.<\/p>\n","protected":false},"excerpt":{"rendered":"<p>Ajatus Lahdelle. Identiteetti\u00e4 ja ideoita.&nbsp;(PP-KI-15)Julkaisu elokuu 2024Sivum\u00e4\u00e4r\u00e4 120Pehme\u00e4kantinenKoko 148 x 210 mm (A5)Kuvat, tekstit, grafiikka, kansi ja ulkoasu\/taitto: Sauli Hirvonen ISBN ISBN 978-952-69666-5-6 TILAA KIRJA&#8212;&#8212;&#8212;&#8212;&#8212;&#8212;&#8212;&#8212;&#8212;&#8212;&#8212;&#8212;&#8212;&#8212;&#8212;&#8212;&#8212;&#8212;&#8212;&#8212;Esittely Ajatus Lahdelle. Identiteetti\u00e4 ja ideoita. -kirja on kokoelma aiemmin julkaistuista Sauli Hirvosen Lahti-aiheisista teksteist\u00e4 sek\u00e4 &hellip; <a href=\"https:\/\/www.lahenlehti.net\/?page_id=14884\">Lue loppuun <span class=\"meta-nav\">&rarr;<\/span><\/a><\/p>\n","protected":false},"author":311,"featured_media":0,"parent":0,"menu_order":0,"comment_status":"closed","ping_status":"closed","template":"","meta":{"footnotes":""},"class_list":["post-14884","page","type-page","status-publish","hentry"],"_links":{"self":[{"href":"https:\/\/www.lahenlehti.net\/index.php?rest_route=\/wp\/v2\/pages\/14884","targetHints":{"allow":["GET"]}}],"collection":[{"href":"https:\/\/www.lahenlehti.net\/index.php?rest_route=\/wp\/v2\/pages"}],"about":[{"href":"https:\/\/www.lahenlehti.net\/index.php?rest_route=\/wp\/v2\/types\/page"}],"author":[{"embeddable":true,"href":"https:\/\/www.lahenlehti.net\/index.php?rest_route=\/wp\/v2\/users\/311"}],"replies":[{"embeddable":true,"href":"https:\/\/www.lahenlehti.net\/index.php?rest_route=%2Fwp%2Fv2%2Fcomments&post=14884"}],"version-history":[{"count":14,"href":"https:\/\/www.lahenlehti.net\/index.php?rest_route=\/wp\/v2\/pages\/14884\/revisions"}],"predecessor-version":[{"id":15256,"href":"https:\/\/www.lahenlehti.net\/index.php?rest_route=\/wp\/v2\/pages\/14884\/revisions\/15256"}],"wp:attachment":[{"href":"https:\/\/www.lahenlehti.net\/index.php?rest_route=%2Fwp%2Fv2%2Fmedia&parent=14884"}],"curies":[{"name":"wp","href":"https:\/\/api.w.org\/{rel}","templated":true}]}}