{"id":14740,"date":"2024-03-11T08:53:29","date_gmt":"2024-03-11T06:53:29","guid":{"rendered":"http:\/\/www.lahenlehti.net\/?page_id=14740"},"modified":"2024-04-05T16:37:08","modified_gmt":"2024-04-05T14:37:08","slug":"nro-1-2024-kinos","status":"publish","type":"page","link":"https:\/\/www.lahenlehti.net\/?page_id=14740","title":{"rendered":"Nro 1\/2024: KINOS"},"content":{"rendered":"\n<p><strong>Lahen Lehti 1\/2024&nbsp;<\/strong>\u2013 Julkaisu 5.4.2024<br>Teemana Kinos-elokuvafestivaali ja on samalla <a rel=\"noreferrer noopener\" href=\"https:\/\/kinosfest.wordpress.com\/\" target=\"_blank\">festivaalin<\/a>&nbsp;k\u00e4siohjelma.<\/p>\n\n\n\n<div data-wp-interactive=\"core\/file\" class=\"wp-block-file\"><object data-wp-bind--hidden=\"!state.hasPdfPreview\" hidden class=\"wp-block-file__embed\" data=\"http:\/\/www.lahenlehti.net\/wp-content\/LL1-24.pdf\" type=\"application\/pdf\" style=\"width:100%;height:600px\" aria-label=\"Tiedoston Tiedoston LL_1\/2024_n\u00e4k\u00f6islehti upotus. upotus.\"><\/object><a href=\"http:\/\/www.lahenlehti.net\/wp-content\/LL1-24.pdf\">LL_1\/2024_n\u00e4k\u00f6islehti<\/a><a href=\"http:\/\/www.lahenlehti.net\/wp-content\/LL1-24.pdf\" class=\"wp-block-file__button\" download>Lataa<\/a><\/div>\n\n\n\n<p>Sis\u00e4lt\u00f6:<br>Kinos-elokuvafestivaali sek\u00e4 kirjaesittelyit\u00e4 ja muita paikallisia kulttuuripoimintoja.<\/p>\n\n\n\n<p>Saatavilla mm. elokuvateatteri Kino Iiriksest\u00e4.<\/p>\n\n\n\n<figure class=\"wp-block-image\"><img decoding=\"async\" src=\"http:\/\/www.lahenlehti.net\/wp-content\/LL_logo-600x92.jpg\" alt=\"LL_logo\"\/><\/figure>\n\n\n\n<p><strong>Yhteystiedot<br><\/strong>P\u00e4\u00e4toimittaja<br>Sauli Hirvonen sauli.hirvonen[at]lahenlehti.net<br>Taitto \/ Toimitussihteeri<br>Jonne Sepp\u00e4nen jonne.seppanen[at]lahenlehti.net<\/p>\n\n\n\n<p><strong>Julkaisijat<\/strong><br>Kinos-ty\u00f6ryhm\u00e4 \/ P\u00e4ij\u00e4t-H\u00e4meen elokuvakeskus ry \/<br>Tmi Pekka Productions (y-tunnus 1995173-8)<strong><br><\/strong><\/p>\n","protected":false},"excerpt":{"rendered":"<p>Lahen Lehti 1\/2024&nbsp;\u2013 Julkaisu 5.4.2024Teemana Kinos-elokuvafestivaali ja on samalla festivaalin&nbsp;k\u00e4siohjelma. Sis\u00e4lt\u00f6:Kinos-elokuvafestivaali sek\u00e4 kirjaesittelyit\u00e4 ja muita paikallisia kulttuuripoimintoja. Saatavilla mm. elokuvateatteri Kino Iiriksest\u00e4. YhteystiedotP\u00e4\u00e4toimittajaSauli Hirvonen sauli.hirvonen[at]lahenlehti.netTaitto \/ ToimitussihteeriJonne Sepp\u00e4nen jonne.seppanen[at]lahenlehti.net JulkaisijatKinos-ty\u00f6ryhm\u00e4 \/ P\u00e4ij\u00e4t-H\u00e4meen elokuvakeskus ry \/Tmi Pekka Productions (y-tunnus 1995173-8)<\/p>\n","protected":false},"author":1,"featured_media":0,"parent":0,"menu_order":0,"comment_status":"closed","ping_status":"closed","template":"","meta":{"footnotes":""},"class_list":["post-14740","page","type-page","status-publish","hentry"],"_links":{"self":[{"href":"https:\/\/www.lahenlehti.net\/index.php?rest_route=\/wp\/v2\/pages\/14740","targetHints":{"allow":["GET"]}}],"collection":[{"href":"https:\/\/www.lahenlehti.net\/index.php?rest_route=\/wp\/v2\/pages"}],"about":[{"href":"https:\/\/www.lahenlehti.net\/index.php?rest_route=\/wp\/v2\/types\/page"}],"author":[{"embeddable":true,"href":"https:\/\/www.lahenlehti.net\/index.php?rest_route=\/wp\/v2\/users\/1"}],"replies":[{"embeddable":true,"href":"https:\/\/www.lahenlehti.net\/index.php?rest_route=%2Fwp%2Fv2%2Fcomments&post=14740"}],"version-history":[{"count":10,"href":"https:\/\/www.lahenlehti.net\/index.php?rest_route=\/wp\/v2\/pages\/14740\/revisions"}],"predecessor-version":[{"id":14795,"href":"https:\/\/www.lahenlehti.net\/index.php?rest_route=\/wp\/v2\/pages\/14740\/revisions\/14795"}],"wp:attachment":[{"href":"https:\/\/www.lahenlehti.net\/index.php?rest_route=%2Fwp%2Fv2%2Fmedia&parent=14740"}],"curies":[{"name":"wp","href":"https:\/\/api.w.org\/{rel}","templated":true}]}}