{"id":14546,"date":"2024-04-13T17:13:36","date_gmt":"2024-04-13T15:13:36","guid":{"rendered":"http:\/\/www.lahenlehti.net\/?page_id=14546"},"modified":"2025-10-21T18:35:27","modified_gmt":"2025-10-21T16:35:27","slug":"tapahtumat","status":"publish","type":"page","link":"https:\/\/www.lahenlehti.net\/?page_id=14546","title":{"rendered":"Tapahtumat"},"content":{"rendered":"\n<p>Tapahtumia, joita Hirvonen on ollut k\u00e4ynnist\u00e4m\u00e4ss\u00e4 tai tekem\u00e4ss\u00e4 osana yhdistystoimintaa tai ty\u00f6ryhmi\u00e4. Mukana on niin yksitt\u00e4isi\u00e4 kuin jatkuviakin tapahtumia. Lis\u00e4tietoja tapahtumista ko. yhdistysten verkkosivuilta ja j\u00e4senlehdist\u00e4.<br><br>Lahden rautatieharrastajat Topparoikka ry \/ rautatieharrastus:<br><br>Yhdistyksen Lahdessa j\u00e4rjest\u00e4mi\u00e4 tapahtumia ovat mm. Kiskon vuosi (Oikoradan <br>oli mukana k\u00e4ynnist\u00e4m\u00e4ss\u00e4 Kiskojen Viem\u00e4\u00e4 -dokumenttiesityksi\u00e4 Kino Iiriksess\u00e4. Lis\u00e4ksi ollut yhdistyksen mukana mm. messuhallin pienoismalli- ja k\u00e4sity\u00f6messuilla esittelem\u00e4ss\u00e4 yhdistyksen toimintaa.<br><strong>Lahden Rautatiep\u00e4iv\u00e4 \/ Vierum\u00e4en rautatiep\u00e4iv\u00e4 <\/strong>[<a rel=\"noreferrer noopener\" href=\"http:\/\/www.topparoikka.net\/vierumaen-asema\/toiminta\/\" target=\"_blank\">nettisivut<\/a>] <br>J\u00e4rjestettiin vuosina 2006-2009 Topparoikka ry:n toimesta Lahdessa, vuodesta 2016 alkaen Vierum\u00e4ell\u00e4. Tapahtuman yksi perustajista ja mukana j\u00e4rjestelyorganisaatiossa.<br>Yhteisty\u00f6ss\u00e4: Lahden rautatieharrastajat Topparoikka ry sek\u00e4 yhteisty\u00f6kumppanit<br><strong>Museojunalla Lahdessa \/ H\u00f6yryll\u00e4 Heinolaan\u00a0<\/strong>[<a rel=\"noreferrer noopener\" href=\"https:\/\/hoyryllaheinolaan.wordpress.com\/\" target=\"_blank\">nettisivut<\/a>] <br>S\u00e4\u00e4nn\u00f6llisten museojuna-ajojen j\u00e4rjest\u00e4mist\u00e4 Lahden seudulla vuodesta 2007. Yksi perustajista ja vastuuhenkil\u00f6ist\u00e4.<br><br>Lahti-Seura ry:<br><br><strong>Lahti-p\u00e4iv\u00e4 \/ Vuosijuhla<\/strong><br>Lahti-Seuran j\u00e4rjest\u00e4m\u00e4 jo 1960-luvulta saakka Lahden kaupungin perustamista juhlistava tilaisuus. Se oli vuosikymmeni\u00e4 ainoa kaupungin syntym\u00e4\u00e4 juhlistava tilaisuus, jonka perillinen oli 2010-luvulla Lahti-p\u00e4iv\u00e4. Vuosina 2022-24 seura on jakanut Vuoden lahtelainen -tunnustuksen Lahden kumppanuusp\u00f6yd\u00e4n j\u00e4rjest\u00e4m\u00e4ss\u00e4 toritapahtumassa, vuonna 2025 Lahden kaupungin tapahtumassa kaupungintalonpuistossa.<br>Ollut mukana Lahti-Seuran tapahtumissa koostamassa ohjelmaa sek\u00e4 vastannut tiedottamista. Mainittakoon muutamia viime vuosien tilaisuuksia: Valokuviin liittyv\u00e4 <strong>Lahti kuvassa<\/strong> -tilaisuus, Lahden ja Nastolan kuntaliitoskeskustelutilaisuus <strong>Uusi Lahti<\/strong> -seminaari j\u00e4rjestettiin yhteisty\u00f6ss\u00e4 Nastola-seuran kanssa, filmi vuoden 1918 tapahtumista yhteisty\u00f6ss\u00e4 Uusi Lahti -lehden kanssa (lehden aloitteesta). Karttakirja<strong> Lahden seutu kartoin <\/strong>esittelytilaisuus yhteisty\u00f6ss\u00e4 Kustannusosakeyhti\u00f6 AtlasArtin kanssa.<br><br>Lahti-Seura, P\u00e4ij\u00e4t-H\u00e4meen elokuvakeskus ry, Lahden videokuvaajat ry:<br><br><strong>Lahti-filmin\u00e4yt\u00f6kset (dokumenttin\u00e4yt\u00f6kset)<\/strong>\u00a0[<a rel=\"noreferrer noopener\" href=\"http:\/\/www.lahtiseura.fi\/lahti-filmit\/\" target=\"_blank\">nettisivut<\/a>] <br>Vuonna 2013 Lahti-Seuran k\u00e4ynnist\u00e4m\u00e4 filmin\u00e4yt\u00f6sten sarja Kino Iiriksess\u00e4. Aloitteentekij\u00e4 ja mukana j\u00e4rjestelyorganisaatiossa, tiedottaminen\/markkinointi. Vuosittain 1-3 erilaista n\u00e4yt\u00f6st\u00e4. Suomen Kotiseutuliitto ry my\u00f6nsi hankkeelle Vuoden kotiseututeko -tunnustuksen vuonna 2014.<br><strong>Kotiseutufilmi-projekti<\/strong> [<a rel=\"noreferrer noopener\" href=\"http:\/\/www.lahtiseura.fi\/lahti-filmit\/\" target=\"_blank\">nettisivut<\/a>] Aloitteentekij\u00e4n\u00e4 vuonna 2012 Lahti-Seuran k\u00e4ynnist\u00e4m\u00e4n\u00e4 ja P\u00e4ij\u00e4t-H\u00e4meen Elokuvakeskuksen ja Lahden Videokuvaajien kanssa toteuttama. Hankkeen tarkoituksena on ker\u00e4t\u00e4 mm. filmimateriaalia Lahden seudulta julkaistavaksi.<br>Radio- ja TV-museo Mastolassa &#8221;<a rel=\"noreferrer noopener\" href=\"https:\/\/www.lahdenmastola.fi\/mastola\/ilmaistapahtuma-telkkarista-tuttu-lahti-lyhytelokuvia-ja-keskustelua\/\" target=\"_blank\">Telkkarista tuttu Lahti<\/a>&#8221; lyhytdokumentti- ja keskustelutilaisuus lauantaina 3.5.2025. Yhteisty\u00f6ss\u00e4 Lahden museot.<br><br>P\u00e4ij\u00e4t-H\u00e4meen elokuvakeskus ry:<br><br><strong>Kinos-elokuvafestivaali<\/strong> [<a rel=\"noreferrer noopener\" href=\"https:\/\/www.facebook.com\/kinosfest\/\" target=\"_blank\">nettisivut<\/a>] <br>J\u00e4rjestetty Lahdessa vuodesta vuodesta 2003, mukana ty\u00f6ryhm\u00e4ss\u00e4 vuodesta 2009-, festivaalivastaavana vuosina 2013-14 ja 2021-24.<br><br><strong>Nostalgiakino<\/strong>\u00a0[<a rel=\"noreferrer noopener\" href=\"https:\/\/www.facebook.com\/nostalgiakino\" target=\"_blank\">nettisivut<\/a>] Dokumentteja ja filmej\u00e4 menneilt\u00e4 vuosikymmenilt\u00e4 Kino Iiriksess\u00e4 vuodesta\u00a0 2015. Alkoi KINOS-festivaalin ohjelmistona. <br>Osana Nostalgiakinoon kuuluu my\u00f6s rautatieaiheiset filmin\u00e4yt\u00f6kset Kiskojen Viem\u00e4\u00e4. Vet\u00e4j\u00e4n\u00e4 nykyisin Jonne Sepp\u00e4nen.<br><br>Muita:<br><br><strong>Lahti-viikko<\/strong> <strong>2024- <\/strong>[<a href=\"https:\/\/www.lahenlehti.net\/?page_id=15323\">info<\/a>]<br>lahenlehti.net-sivuston kokoama tapahtumakokonaisuus juhlistaa Lahden kaupungin perustamista.<br><br><strong>Lahti110 <\/strong>[<a href=\"http:\/\/www.lahenlehti.net\/?p=7828\">info<\/a>] Hirvosen ideoima ja Lahen Lehen ja Lahti-Seuran nimiss\u00e4 koostama tapahtumakokonaisuus Lahden kaupungin 110-juhlavuonna. Toteutettiin eri yhteisty\u00f6kumppaneiden kanssa ravintola Tirrassa, jossa mm. el\u00e4v\u00e4\u00e4 musiikkia sek\u00e4 Elmun gaala.<br><br>Tilaisuudesta voi lukea <a href=\"http:\/\/www.lahenlehti.net\/?p=7828\">t\u00e4\u00e4ll\u00e4<\/a> sek\u00e4 muista sin\u00e4 vuonna j\u00e4rjestetyist\u00e4 tapahtumista.<br><br><br><\/p>\n","protected":false},"excerpt":{"rendered":"<p>Tapahtumia, joita Hirvonen on ollut k\u00e4ynnist\u00e4m\u00e4ss\u00e4 tai tekem\u00e4ss\u00e4 osana yhdistystoimintaa tai ty\u00f6ryhmi\u00e4. Mukana on niin yksitt\u00e4isi\u00e4 kuin jatkuviakin tapahtumia. Lis\u00e4tietoja tapahtumista ko. yhdistysten verkkosivuilta ja j\u00e4senlehdist\u00e4. Lahden rautatieharrastajat Topparoikka ry \/ rautatieharrastus: Yhdistyksen Lahdessa j\u00e4rjest\u00e4mi\u00e4 tapahtumia ovat mm. Kiskon vuosi &hellip; <a href=\"https:\/\/www.lahenlehti.net\/?page_id=14546\">Lue loppuun <span class=\"meta-nav\">&rarr;<\/span><\/a><\/p>\n","protected":false},"author":1,"featured_media":0,"parent":0,"menu_order":0,"comment_status":"closed","ping_status":"closed","template":"","meta":{"footnotes":""},"class_list":["post-14546","page","type-page","status-publish","hentry"],"_links":{"self":[{"href":"https:\/\/www.lahenlehti.net\/index.php?rest_route=\/wp\/v2\/pages\/14546","targetHints":{"allow":["GET"]}}],"collection":[{"href":"https:\/\/www.lahenlehti.net\/index.php?rest_route=\/wp\/v2\/pages"}],"about":[{"href":"https:\/\/www.lahenlehti.net\/index.php?rest_route=\/wp\/v2\/types\/page"}],"author":[{"embeddable":true,"href":"https:\/\/www.lahenlehti.net\/index.php?rest_route=\/wp\/v2\/users\/1"}],"replies":[{"embeddable":true,"href":"https:\/\/www.lahenlehti.net\/index.php?rest_route=%2Fwp%2Fv2%2Fcomments&post=14546"}],"version-history":[{"count":18,"href":"https:\/\/www.lahenlehti.net\/index.php?rest_route=\/wp\/v2\/pages\/14546\/revisions"}],"predecessor-version":[{"id":16539,"href":"https:\/\/www.lahenlehti.net\/index.php?rest_route=\/wp\/v2\/pages\/14546\/revisions\/16539"}],"wp:attachment":[{"href":"https:\/\/www.lahenlehti.net\/index.php?rest_route=%2Fwp%2Fv2%2Fmedia&parent=14546"}],"curies":[{"name":"wp","href":"https:\/\/api.w.org\/{rel}","templated":true}]}}