{"id":12396,"date":"2024-04-11T17:56:07","date_gmt":"2024-04-11T15:56:07","guid":{"rendered":"http:\/\/www.lahenlehti.net\/?page_id=12396"},"modified":"2024-05-14T18:51:54","modified_gmt":"2024-05-14T16:51:54","slug":"kuvakirja-tunnelmia-lahdesta-2-tulossa","status":"publish","type":"page","link":"https:\/\/www.lahenlehti.net\/?page_id=12396","title":{"rendered":"Kuvakirja: Tunnelmia Lahdesta   2 ja 3 (tulossa)"},"content":{"rendered":"\n<p class=\"has-text-align-center\"><strong>Tunnelmia Lahdesta<\/strong> <strong>2<\/strong> ja <strong>3<\/strong>\u00a0(PP-KI-00)<br>Julkaisu 2024-25<br>Sivum\u00e4\u00e4r\u00e4<br>Pehme\u00e4kantinen<br>Koko 210 x 210 mm<br>Kuvat, tekstit, kansi ja ulkoasu\/taitto: Sauli Hirvonen<br><br>ISBN<\/p>\n\n\n\n<p class=\"has-text-align-center\">TILAA KIRJA<br>(ei tilattavissa)<strong><a href=\"http:\/\/www.lahenlehti.net\/?product=tunnelmia-lahdesta\"><br><\/a><br><\/strong>&#8212;&#8212;&#8212;&#8212;&#8212;&#8212;&#8212;&#8212;&#8212;&#8212;&#8212;&#8212;&#8212;&#8212;&#8212;&#8212;&#8212;&#8212;&#8212;&#8212;<br><strong>Esittely<\/strong><\/p>\n\n\n\n<p class=\"has-text-align-center\">Tunnelmia Lahdesta -kirjan (julkaistu v. 2020) jatko-osa on kaksiosainen valokuvateos. Osat kaksi ja kolme julkaistaan kahtena eri kirjana ja ne sis\u00e4lt\u00e4v\u00e4t ensimm\u00e4isen osan tapaan valokuvia Lahdesta. Kirjat ovat kotiseutuharrastaja Sauli Hirvosen n\u00e4kemys kaupungista, sen rakennuksista ja rakennelmista kaupunkiymp\u00e4rist\u00f6n luontoa unohtamatta. <\/p>\n","protected":false},"excerpt":{"rendered":"<p>Tunnelmia Lahdesta 2 ja 3\u00a0(PP-KI-00)Julkaisu 2024-25Sivum\u00e4\u00e4r\u00e4Pehme\u00e4kantinenKoko 210 x 210 mmKuvat, tekstit, kansi ja ulkoasu\/taitto: Sauli Hirvonen ISBN TILAA KIRJA(ei tilattavissa)&#8212;&#8212;&#8212;&#8212;&#8212;&#8212;&#8212;&#8212;&#8212;&#8212;&#8212;&#8212;&#8212;&#8212;&#8212;&#8212;&#8212;&#8212;&#8212;&#8212;Esittely Tunnelmia Lahdesta -kirjan (julkaistu v. 2020) jatko-osa on kaksiosainen valokuvateos. Osat kaksi ja kolme julkaistaan kahtena eri kirjana ja ne &hellip; <a href=\"https:\/\/www.lahenlehti.net\/?page_id=12396\">Lue loppuun <span class=\"meta-nav\">&rarr;<\/span><\/a><\/p>\n","protected":false},"author":311,"featured_media":0,"parent":0,"menu_order":0,"comment_status":"closed","ping_status":"closed","template":"","meta":{"footnotes":""},"class_list":["post-12396","page","type-page","status-publish","hentry"],"_links":{"self":[{"href":"https:\/\/www.lahenlehti.net\/index.php?rest_route=\/wp\/v2\/pages\/12396","targetHints":{"allow":["GET"]}}],"collection":[{"href":"https:\/\/www.lahenlehti.net\/index.php?rest_route=\/wp\/v2\/pages"}],"about":[{"href":"https:\/\/www.lahenlehti.net\/index.php?rest_route=\/wp\/v2\/types\/page"}],"author":[{"embeddable":true,"href":"https:\/\/www.lahenlehti.net\/index.php?rest_route=\/wp\/v2\/users\/311"}],"replies":[{"embeddable":true,"href":"https:\/\/www.lahenlehti.net\/index.php?rest_route=%2Fwp%2Fv2%2Fcomments&post=12396"}],"version-history":[{"count":7,"href":"https:\/\/www.lahenlehti.net\/index.php?rest_route=\/wp\/v2\/pages\/12396\/revisions"}],"predecessor-version":[{"id":15023,"href":"https:\/\/www.lahenlehti.net\/index.php?rest_route=\/wp\/v2\/pages\/12396\/revisions\/15023"}],"wp:attachment":[{"href":"https:\/\/www.lahenlehti.net\/index.php?rest_route=%2Fwp%2Fv2%2Fmedia&parent=12396"}],"curies":[{"name":"wp","href":"https:\/\/api.w.org\/{rel}","templated":true}]}}