{"id":8957,"date":"2017-08-01T18:32:18","date_gmt":"2017-08-01T16:32:18","guid":{"rendered":"http:\/\/www.lahenlehti.net\/?post_type=product&#038;p=8957"},"modified":"2019-01-07T15:34:27","modified_gmt":"2019-01-07T13:34:27","slug":"lahti-varityskirja","status":"publish","type":"product","link":"http:\/\/www.lahenlehti.net\/?product=lahti-varityskirja","title":{"rendered":"Lahti-v\u00e4rityskirja"},"content":{"rendered":"<p>V\u00e4rityskirja &#8211; Marjo J\u00e4rvinen &amp; Heidi Kontulainen<br \/>\nOmakustanne<br \/>\nJulkaisuvuosi 2015<br \/>\n<a href=\"https:\/\/www.facebook.com\/lahtivarityskirja\/?fref=ts\" target=\"_blank\" rel=\"noopener\">Lis\u00e4tietoja<br \/>\n<\/a>(Lahti-Seuran myyntituote)<\/p>\n","protected":false},"excerpt":{"rendered":"<p>V\u00e4rityskirja &#8211; Marjo J\u00e4rvinen &amp; Heidi Kontulainen Omakustanne Julkaisuvuosi 2015 Lis\u00e4tietoja (Lahti-Seuran myyntituote)<\/p>\n","protected":false},"featured_media":9089,"comment_status":"open","ping_status":"closed","template":"","meta":[],"product_brand":[],"product_cat":[132],"product_tag":[],"class_list":{"0":"post-8957","1":"product","2":"type-product","3":"status-publish","4":"has-post-thumbnail","6":"product_cat-kirjat","8":"first","9":"instock","10":"taxable","11":"shipping-taxable","12":"purchasable","13":"product-type-simple"},"_links":{"self":[{"href":"http:\/\/www.lahenlehti.net\/index.php?rest_route=\/wp\/v2\/product\/8957","targetHints":{"allow":["GET"]}}],"collection":[{"href":"http:\/\/www.lahenlehti.net\/index.php?rest_route=\/wp\/v2\/product"}],"about":[{"href":"http:\/\/www.lahenlehti.net\/index.php?rest_route=\/wp\/v2\/types\/product"}],"replies":[{"embeddable":true,"href":"http:\/\/www.lahenlehti.net\/index.php?rest_route=%2Fwp%2Fv2%2Fcomments&post=8957"}],"wp:featuredmedia":[{"embeddable":true,"href":"http:\/\/www.lahenlehti.net\/index.php?rest_route=\/wp\/v2\/media\/9089"}],"wp:attachment":[{"href":"http:\/\/www.lahenlehti.net\/index.php?rest_route=%2Fwp%2Fv2%2Fmedia&parent=8957"}],"wp:term":[{"taxonomy":"product_brand","embeddable":true,"href":"http:\/\/www.lahenlehti.net\/index.php?rest_route=%2Fwp%2Fv2%2Fproduct_brand&post=8957"},{"taxonomy":"product_cat","embeddable":true,"href":"http:\/\/www.lahenlehti.net\/index.php?rest_route=%2Fwp%2Fv2%2Fproduct_cat&post=8957"},{"taxonomy":"product_tag","embeddable":true,"href":"http:\/\/www.lahenlehti.net\/index.php?rest_route=%2Fwp%2Fv2%2Fproduct_tag&post=8957"}],"curies":[{"name":"wp","href":"https:\/\/api.w.org\/{rel}","templated":true}]}}