{"id":16319,"date":"2025-06-23T18:06:18","date_gmt":"2025-06-23T16:06:18","guid":{"rendered":"http:\/\/www.lahenlehti.net\/?post_type=product&#038;p=16319"},"modified":"2025-06-23T18:51:47","modified_gmt":"2025-06-23T16:51:47","slug":"kokoelma-6","status":"publish","type":"product","link":"http:\/\/www.lahenlehti.net\/?product=kokoelma-6","title":{"rendered":"Kokoelma 6"},"content":{"rendered":"<p>Sis\u00e4lt\u00e4\u00e4 Sauli Hirvosen tarinoita ja puujalkavitsej\u00e4.<br \/>\n92 sivua<br \/>\nKustantaja Pekka Productions<br \/>\nJulkaisuvuosi 2025<br \/>\nLis\u00e4tietoja<\/p>\n","protected":false},"excerpt":{"rendered":"<p>Sis\u00e4lt\u00e4\u00e4 Sauli Hirvosen tarinoita ja puujalkavitsej\u00e4. 92 sivua Kustantaja Pekka Productions Julkaisuvuosi 2025 Lis\u00e4tietoja<\/p>\n","protected":false},"featured_media":16272,"comment_status":"open","ping_status":"closed","template":"","meta":[],"product_brand":[],"product_cat":[132],"product_tag":[],"class_list":{"0":"post-16319","1":"product","2":"type-product","3":"status-publish","4":"has-post-thumbnail","6":"product_cat-kirjat","8":"first","9":"instock","10":"taxable","11":"shipping-taxable","12":"purchasable","13":"product-type-simple"},"_links":{"self":[{"href":"http:\/\/www.lahenlehti.net\/index.php?rest_route=\/wp\/v2\/product\/16319","targetHints":{"allow":["GET"]}}],"collection":[{"href":"http:\/\/www.lahenlehti.net\/index.php?rest_route=\/wp\/v2\/product"}],"about":[{"href":"http:\/\/www.lahenlehti.net\/index.php?rest_route=\/wp\/v2\/types\/product"}],"replies":[{"embeddable":true,"href":"http:\/\/www.lahenlehti.net\/index.php?rest_route=%2Fwp%2Fv2%2Fcomments&post=16319"}],"wp:featuredmedia":[{"embeddable":true,"href":"http:\/\/www.lahenlehti.net\/index.php?rest_route=\/wp\/v2\/media\/16272"}],"wp:attachment":[{"href":"http:\/\/www.lahenlehti.net\/index.php?rest_route=%2Fwp%2Fv2%2Fmedia&parent=16319"}],"wp:term":[{"taxonomy":"product_brand","embeddable":true,"href":"http:\/\/www.lahenlehti.net\/index.php?rest_route=%2Fwp%2Fv2%2Fproduct_brand&post=16319"},{"taxonomy":"product_cat","embeddable":true,"href":"http:\/\/www.lahenlehti.net\/index.php?rest_route=%2Fwp%2Fv2%2Fproduct_cat&post=16319"},{"taxonomy":"product_tag","embeddable":true,"href":"http:\/\/www.lahenlehti.net\/index.php?rest_route=%2Fwp%2Fv2%2Fproduct_tag&post=16319"}],"curies":[{"name":"wp","href":"https:\/\/api.w.org\/{rel}","templated":true}]}}