{"id":15213,"date":"2024-09-03T15:47:11","date_gmt":"2024-09-03T13:47:11","guid":{"rendered":"http:\/\/www.lahenlehti.net\/?post_type=product&#038;p=15213"},"modified":"2024-09-03T15:51:05","modified_gmt":"2024-09-03T13:51:05","slug":"ajatus-lahdelle","status":"publish","type":"product","link":"http:\/\/www.lahenlehti.net\/?product=ajatus-lahdelle","title":{"rendered":"Ajatus Lahdelle"},"content":{"rendered":"<p>Ajatus Lahdelle. Identiteetti\u00e4 ja ideoita. -kirja.<br \/>\nJulkaisu elokuu 2024<br \/>\nSivum\u00e4\u00e4r\u00e4 120<br \/>\nPehme\u00e4kantinen<br \/>\nKoko 148 x 210 mm (A5)<br \/>\nKuvat, tekstit, grafiikka, kansi ja ulkoasu\/taitto: Sauli Hirvonen<\/p>\n<p>ISBN ISBN 978-952-69666-5-6<\/p>\n<p><a href=\"http:\/\/www.lahenlehti.net\/?page_id=14884\">Lis\u00e4tietoja<\/a><\/p>\n","protected":false},"excerpt":{"rendered":"<p>Ajatus Lahdelle. Identiteetti\u00e4 ja ideoita. -kirja. Julkaisu elokuu 2024 Sivum\u00e4\u00e4r\u00e4 120 Pehme\u00e4kantinen Koko 148 x 210 mm (A5) Kuvat, tekstit, grafiikka, kansi ja ulkoasu\/taitto: Sauli Hirvonen ISBN ISBN 978-952-69666-5-6 Lis\u00e4tietoja<\/p>\n","protected":false},"featured_media":15151,"comment_status":"open","ping_status":"closed","template":"","meta":[],"product_brand":[],"product_cat":[132],"product_tag":[],"class_list":{"0":"post-15213","1":"product","2":"type-product","3":"status-publish","4":"has-post-thumbnail","6":"product_cat-kirjat","7":"product_shipping_class-kirje","9":"first","10":"instock","11":"taxable","12":"shipping-taxable","13":"purchasable","14":"product-type-simple"},"_links":{"self":[{"href":"http:\/\/www.lahenlehti.net\/index.php?rest_route=\/wp\/v2\/product\/15213","targetHints":{"allow":["GET"]}}],"collection":[{"href":"http:\/\/www.lahenlehti.net\/index.php?rest_route=\/wp\/v2\/product"}],"about":[{"href":"http:\/\/www.lahenlehti.net\/index.php?rest_route=\/wp\/v2\/types\/product"}],"replies":[{"embeddable":true,"href":"http:\/\/www.lahenlehti.net\/index.php?rest_route=%2Fwp%2Fv2%2Fcomments&post=15213"}],"wp:featuredmedia":[{"embeddable":true,"href":"http:\/\/www.lahenlehti.net\/index.php?rest_route=\/wp\/v2\/media\/15151"}],"wp:attachment":[{"href":"http:\/\/www.lahenlehti.net\/index.php?rest_route=%2Fwp%2Fv2%2Fmedia&parent=15213"}],"wp:term":[{"taxonomy":"product_brand","embeddable":true,"href":"http:\/\/www.lahenlehti.net\/index.php?rest_route=%2Fwp%2Fv2%2Fproduct_brand&post=15213"},{"taxonomy":"product_cat","embeddable":true,"href":"http:\/\/www.lahenlehti.net\/index.php?rest_route=%2Fwp%2Fv2%2Fproduct_cat&post=15213"},{"taxonomy":"product_tag","embeddable":true,"href":"http:\/\/www.lahenlehti.net\/index.php?rest_route=%2Fwp%2Fv2%2Fproduct_tag&post=15213"}],"curies":[{"name":"wp","href":"https:\/\/api.w.org\/{rel}","templated":true}]}}