{"id":14402,"date":"2023-10-14T17:58:29","date_gmt":"2023-10-14T15:58:29","guid":{"rendered":"http:\/\/www.lahenlehti.net\/?post_type=product&#038;p=14402"},"modified":"2024-01-14T09:34:54","modified_gmt":"2024-01-14T07:34:54","slug":"puujalat-2-se-ohut-jatko-osa","status":"publish","type":"product","link":"http:\/\/www.lahenlehti.net\/?product=puujalat-2-se-ohut-jatko-osa","title":{"rendered":"Puujalat 2. &#8211; Se ohut jatko-osa"},"content":{"rendered":"<p>Puujalat. 2 &#8211; Se ohut jatko-osa<strong>\u00a0<\/strong>-vitsikokoelma<br \/>\nSis\u00e4lt\u00e4\u00e4 424 puujalkavitsi\u00e4.<br \/>\nJulkaisu 2023<br \/>\nSivum\u00e4\u00e4r\u00e4 76<br \/>\nKoko 125 x 190 mm<br \/>\n<span class=\"s1\">Tekstit, taitto ja kansi: Sauli Hirvonen<br \/>\n<\/span><span class=\"s1\">Kustantaja: Pekka Productions<br \/>\n<\/span><span class=\"s1\">Valmistaja: Oy\u00a0<a href=\"http:\/\/unitedprint.com\/\" target=\"_blank\" rel=\"noopener noreferrer\" data-saferedirecturl=\"https:\/\/www.google.com\/url?q=http:\/\/unitedprint.com&amp;source=gmail&amp;ust=1696262632547000&amp;usg=AOvVaw3ILvDqqKYxVh8oL-iCjSa7\">unitedprint.com<\/a>\u00a0Finland Ltd.\u00a0<\/span><\/p>\n","protected":false},"excerpt":{"rendered":"<p>Puujalat. 2 &#8211; Se ohut jatko-osa\u00a0-vitsikokoelma Sis\u00e4lt\u00e4\u00e4 424 puujalkavitsi\u00e4. Julkaisu 2023 Sivum\u00e4\u00e4r\u00e4 76 Koko 125 x 190 mm Tekstit, taitto ja kansi: Sauli Hirvonen Kustantaja: Pekka Productions Valmistaja: Oy\u00a0unitedprint.com\u00a0Finland Ltd.\u00a0<\/p>\n","protected":false},"featured_media":14400,"comment_status":"open","ping_status":"closed","template":"","meta":[],"product_brand":[],"product_cat":[132],"product_tag":[],"class_list":{"0":"post-14402","1":"product","2":"type-product","3":"status-publish","4":"has-post-thumbnail","6":"product_cat-kirjat","7":"product_shipping_class-iso-kirje","9":"first","10":"instock","11":"taxable","12":"shipping-taxable","13":"purchasable","14":"product-type-simple"},"_links":{"self":[{"href":"http:\/\/www.lahenlehti.net\/index.php?rest_route=\/wp\/v2\/product\/14402","targetHints":{"allow":["GET"]}}],"collection":[{"href":"http:\/\/www.lahenlehti.net\/index.php?rest_route=\/wp\/v2\/product"}],"about":[{"href":"http:\/\/www.lahenlehti.net\/index.php?rest_route=\/wp\/v2\/types\/product"}],"replies":[{"embeddable":true,"href":"http:\/\/www.lahenlehti.net\/index.php?rest_route=%2Fwp%2Fv2%2Fcomments&post=14402"}],"wp:featuredmedia":[{"embeddable":true,"href":"http:\/\/www.lahenlehti.net\/index.php?rest_route=\/wp\/v2\/media\/14400"}],"wp:attachment":[{"href":"http:\/\/www.lahenlehti.net\/index.php?rest_route=%2Fwp%2Fv2%2Fmedia&parent=14402"}],"wp:term":[{"taxonomy":"product_brand","embeddable":true,"href":"http:\/\/www.lahenlehti.net\/index.php?rest_route=%2Fwp%2Fv2%2Fproduct_brand&post=14402"},{"taxonomy":"product_cat","embeddable":true,"href":"http:\/\/www.lahenlehti.net\/index.php?rest_route=%2Fwp%2Fv2%2Fproduct_cat&post=14402"},{"taxonomy":"product_tag","embeddable":true,"href":"http:\/\/www.lahenlehti.net\/index.php?rest_route=%2Fwp%2Fv2%2Fproduct_tag&post=14402"}],"curies":[{"name":"wp","href":"https:\/\/api.w.org\/{rel}","templated":true}]}}