{"id":11716,"date":"2020-07-31T16:48:55","date_gmt":"2020-07-31T14:48:55","guid":{"rendered":"http:\/\/www.lahenlehti.net\/?post_type=product&#038;p=11716"},"modified":"2025-04-14T17:43:25","modified_gmt":"2025-04-14T15:43:25","slug":"tunnelmia-lahdesta","status":"publish","type":"product","link":"http:\/\/www.lahenlehti.net\/?product=tunnelmia-lahdesta","title":{"rendered":"Tunnelmia Lahdesta"},"content":{"rendered":"<p>Valokuvakirja sis\u00e4lt\u00e4\u00e4 172 kuvaa Lahdesta kolmelta vuosikymmenelt\u00e4<br \/>\nJulkaisu 2020<br \/>\nPehme\u00e4kantinen<br \/>\nSivum\u00e4\u00e4r\u00e4 160<br \/>\n172 valokuvaa<br \/>\nKoko 210 x 210 mm<br \/>\n<span class=\"s1\">Valokuvat, tekstit ja taitto: Sauli Hirvonen<br \/>\nKustantaja: Pekka Productions<\/span><\/p>\n<p><a href=\"http:\/\/www.lahenlehti.net\/?page_id=10016\">Lis\u00e4tietoja<\/a><\/p>\n","protected":false},"excerpt":{"rendered":"<p>Valokuvakirja sis\u00e4lt\u00e4\u00e4 172 kuvaa Lahdesta kolmelta vuosikymmenelt\u00e4 Julkaisu 2020 Pehme\u00e4kantinen Sivum\u00e4\u00e4r\u00e4 160 172 valokuvaa Koko 210 x 210 mm Valokuvat, tekstit ja taitto: Sauli Hirvonen Kustantaja: Pekka Productions Lis\u00e4tietoja<\/p>\n","protected":false},"featured_media":11711,"comment_status":"open","ping_status":"closed","template":"","meta":[],"product_brand":[],"product_cat":[132],"product_tag":[158],"class_list":{"0":"post-11716","1":"product","2":"type-product","3":"status-publish","4":"has-post-thumbnail","6":"product_cat-kirjat","7":"product_tag-lahti","9":"first","10":"instock","11":"taxable","12":"shipping-taxable","13":"purchasable","14":"product-type-simple"},"_links":{"self":[{"href":"http:\/\/www.lahenlehti.net\/index.php?rest_route=\/wp\/v2\/product\/11716","targetHints":{"allow":["GET"]}}],"collection":[{"href":"http:\/\/www.lahenlehti.net\/index.php?rest_route=\/wp\/v2\/product"}],"about":[{"href":"http:\/\/www.lahenlehti.net\/index.php?rest_route=\/wp\/v2\/types\/product"}],"replies":[{"embeddable":true,"href":"http:\/\/www.lahenlehti.net\/index.php?rest_route=%2Fwp%2Fv2%2Fcomments&post=11716"}],"wp:featuredmedia":[{"embeddable":true,"href":"http:\/\/www.lahenlehti.net\/index.php?rest_route=\/wp\/v2\/media\/11711"}],"wp:attachment":[{"href":"http:\/\/www.lahenlehti.net\/index.php?rest_route=%2Fwp%2Fv2%2Fmedia&parent=11716"}],"wp:term":[{"taxonomy":"product_brand","embeddable":true,"href":"http:\/\/www.lahenlehti.net\/index.php?rest_route=%2Fwp%2Fv2%2Fproduct_brand&post=11716"},{"taxonomy":"product_cat","embeddable":true,"href":"http:\/\/www.lahenlehti.net\/index.php?rest_route=%2Fwp%2Fv2%2Fproduct_cat&post=11716"},{"taxonomy":"product_tag","embeddable":true,"href":"http:\/\/www.lahenlehti.net\/index.php?rest_route=%2Fwp%2Fv2%2Fproduct_tag&post=11716"}],"curies":[{"name":"wp","href":"https:\/\/api.w.org\/{rel}","templated":true}]}}