{"id":10524,"date":"2018-12-20T16:22:21","date_gmt":"2018-12-20T14:22:21","guid":{"rendered":"http:\/\/www.lahenlehti.net\/?post_type=product&#038;p=10524"},"modified":"2025-09-07T17:01:12","modified_gmt":"2025-09-07T15:01:12","slug":"kino-iiris-t-paita","status":"publish","type":"product","link":"http:\/\/www.lahenlehti.net\/?product=kino-iiris-t-paita","title":{"rendered":"Kino Iiris -t-paita"},"content":{"rendered":"<p>Teksti rinnassa, lev. 200 mm. HAJAKOKOJA J\u00c4LJELL\u00c4 MUUTAMA.<br \/>\nPaita: Gildan Heavy Cotton (Tear Away, unisex)<br \/>\n<a href=\"http:\/\/kinoiiris.com\" target=\"_blank\" rel=\"noopener\">List\u00e4tietoja<\/a><br \/>\n(<em>P\u00e4ij\u00e4t-H\u00e4meen elokuvakeskuksen tuote<\/em>)<\/p>\n","protected":false},"excerpt":{"rendered":"<p>Teksti rinnassa, lev. 200 mm. HAJAKOKOJA J\u00c4LJELL\u00c4 MUUTAMA. Paita: Gildan Heavy Cotton (Tear Away, unisex) List\u00e4tietoja (P\u00e4ij\u00e4t-H\u00e4meen elokuvakeskuksen tuote)<\/p>\n","protected":false},"featured_media":10539,"comment_status":"open","ping_status":"closed","template":"","meta":[],"product_brand":[],"product_cat":[121],"product_tag":[177,161],"class_list":{"0":"post-10524","1":"product","2":"type-product","3":"status-publish","4":"has-post-thumbnail","6":"product_cat-tekstiilit","7":"product_tag-elokuvateatteri","8":"product_tag-kinoiiris","9":"pa_koko-m","10":"pa_koko-s","12":"first","13":"instock","14":"taxable","15":"shipping-taxable","16":"purchasable","17":"product-type-variable"},"_links":{"self":[{"href":"http:\/\/www.lahenlehti.net\/index.php?rest_route=\/wp\/v2\/product\/10524","targetHints":{"allow":["GET"]}}],"collection":[{"href":"http:\/\/www.lahenlehti.net\/index.php?rest_route=\/wp\/v2\/product"}],"about":[{"href":"http:\/\/www.lahenlehti.net\/index.php?rest_route=\/wp\/v2\/types\/product"}],"replies":[{"embeddable":true,"href":"http:\/\/www.lahenlehti.net\/index.php?rest_route=%2Fwp%2Fv2%2Fcomments&post=10524"}],"wp:featuredmedia":[{"embeddable":true,"href":"http:\/\/www.lahenlehti.net\/index.php?rest_route=\/wp\/v2\/media\/10539"}],"wp:attachment":[{"href":"http:\/\/www.lahenlehti.net\/index.php?rest_route=%2Fwp%2Fv2%2Fmedia&parent=10524"}],"wp:term":[{"taxonomy":"product_brand","embeddable":true,"href":"http:\/\/www.lahenlehti.net\/index.php?rest_route=%2Fwp%2Fv2%2Fproduct_brand&post=10524"},{"taxonomy":"product_cat","embeddable":true,"href":"http:\/\/www.lahenlehti.net\/index.php?rest_route=%2Fwp%2Fv2%2Fproduct_cat&post=10524"},{"taxonomy":"product_tag","embeddable":true,"href":"http:\/\/www.lahenlehti.net\/index.php?rest_route=%2Fwp%2Fv2%2Fproduct_tag&post=10524"}],"curies":[{"name":"wp","href":"https:\/\/api.w.org\/{rel}","templated":true}]}}